{"id":2062,"date":"2023-11-19T11:03:13","date_gmt":"2023-11-19T10:03:13","guid":{"rendered":"https:\/\/www.javipa.hu\/karrier\/"},"modified":"2025-02-13T12:30:03","modified_gmt":"2025-02-13T11:30:03","slug":"careers","status":"publish","type":"page","link":"https:\/\/www.javipa.hu\/en\/careers\/","title":{"rendered":"Careers"},"content":{"rendered":"\n<div class=\"wp-block-stackable-columns alignfull stk-block-columns stk-block stk-51b2b12 stk-block-background stk--has-background-overlay\" data-block-id=\"51b2b12\"><style>.stk-51b2b12 {background-color:var(--theme-palette-color-2, #104f84) !important;background-image:url(https:\/\/www.javipa.hu\/wp-content\/uploads\/2023\/10\/javipa_30_bg.jpg) !important;background-attachment:fixed !important;background-position:center center !important;background-repeat:no-repeat !important;background-size:cover !important;padding-top:100px !important;padding-bottom:100px !important;margin-bottom:0px !important;}.stk-51b2b12:before{background-color:var(--theme-palette-color-2, #104f84) !important;opacity:0.8 !important;}.stk-51b2b12-column{--stk-column-gap:35px !important;}@media screen and (max-width:999px){.stk-51b2b12 {padding-top:150px !important;padding-bottom:100px !important;}}@media screen and (max-width:689px){.stk-51b2b12 {padding-top:150px !important;padding-bottom:100px !important;}}<\/style><div class=\"stk-row stk-inner-blocks stk-block-content stk-content-align stk-51b2b12-column alignfull\">\n<div class=\"wp-block-stackable-column stk-block-column stk-column stk-block stk-3a43e6b\" data-v=\"4\" data-block-id=\"3a43e6b\"><style>.stk-3a43e6b-container{margin-top:0px !important;margin-right:0px !important;margin-bottom:0px !important;margin-left:0px !important;}<\/style><div class=\"stk-column-wrapper stk-block-column__content stk-container stk-3a43e6b-container stk--no-background stk--no-padding\"><div class=\"has-text-align-center has-text-align-center-tablet stk-block-content stk-inner-blocks stk-3a43e6b-inner-blocks\">\n<div class=\"wp-block-stackable-heading stk-block-heading stk-block-heading--v2 stk-block stk-7225c59\" id=\"careers\" data-block-id=\"7225c59\"><style>.stk-7225c59 {margin-bottom:10px !important;}.stk-7225c59 .stk-block-heading__text{font-size:80px !important;color:var(--theme-palette-color-8, #ffffff) !important;line-height:1.3em !important;font-weight:800 !important;}@media screen and (max-width:999px){.stk-7225c59 .stk-block-heading__text{font-size:50px !important;}}@media screen and (max-width:689px){.stk-7225c59 .stk-block-heading__text{font-size:50px !important;}}<\/style><h1 class=\"stk-block-heading__text has-text-color\">Careers<\/h1><\/div>\n\n\n\n<div class=\"wp-block-stackable-text stk-block-text stk-block stk-81505a5\" data-block-id=\"81505a5\"><style>.stk-81505a5 .stk-block-text__text{font-size:30px !important;color:var(--theme-palette-color-8, #ffffff) !important;}@media screen and (max-width:999px){.stk-81505a5 .stk-block-text__text{font-size:25px !important;}}@media screen and (max-width:689px){.stk-81505a5 .stk-block-text__text{font-size:20px !important;}}<\/style><p class=\"stk-block-text__text has-text-color\">Our current vacancies<\/p><\/div>\n<\/div><\/div><\/div>\n<\/div><\/div>\n\n\n\n<div class=\"wp-block-greenshift-blocks-container gspb_container gspb_container-gsbp-15c91e58-62a5\" id=\"gspb_container-id-gsbp-15c91e58-62a5\"><div class=\"gspb_backgroundOverlay\"><\/div>\n<div class=\"wp-block-stackable-spacer stk-block-spacer stk--no-padding stk-block stk-b2c1613\" id=\"kuldjon-uzenetet\" data-block-id=\"b2c1613\"><style>.stk-b2c1613 {height:50px !important;}@media screen and (max-width:999px){.stk-b2c1613 {height:0px !important;}}@media screen and (max-width:689px){.stk-b2c1613 {height:0px !important;}}<\/style><\/div>\n\n\n\n<div class=\"wp-block-stackable-columns stk-block-columns stk-block stk-31a5e75\" data-block-id=\"31a5e75\"><style>.stk-31a5e75 {padding-top:80px !important;padding-bottom:80px !important;}.stk-31a5e75-column{max-width:1290px !important;min-width:auto !important;--stk-column-gap:48px !important;row-gap:32px !important;}<\/style><div class=\"stk-row stk-inner-blocks stk-block-content stk-content-align stk-31a5e75-column\">\n<div class=\"wp-block-stackable-column stk-block-column stk-column stk-block stk-d66e8f4\" data-v=\"4\" data-block-id=\"d66e8f4\"><style>.stk-d66e8f4-container{margin-top:0px !important;margin-right:0px !important;margin-bottom:0px !important;margin-left:0px !important;}.stk-d66e8f4 {align-self:flex-start !important;}.stk-d66e8f4-inner-blocks{justify-content:center !important;}<\/style><div class=\"stk-column-wrapper stk-block-column__content stk-container stk-d66e8f4-container stk--no-background stk--no-padding\"><div class=\"stk--column-flex stk-block-content stk-inner-blocks stk-d66e8f4-inner-blocks\">\n<div class=\"wp-block-stackable-heading stk-block-heading stk-block-heading--v2 stk-block stk-4f23135\" id=\"no-need-to-take-our-word-for-it\" data-block-id=\"4f23135\"><style>.stk-4f23135 .stk-block-heading__text{color:#102136 !important;}<\/style><h2 class=\"stk-block-heading__text has-text-color\">We currently have no open positions.<\/h2><\/div>\n\n\n\n<div class=\"wp-block-stackable-spacer stk-block-spacer stk--no-padding stk-block stk-dfff4c0\" data-block-id=\"dfff4c0\"><style>.stk-dfff4c0 {height:30px !important;}<\/style><\/div>\n\n\n\n<div class=\"wp-block-stackable-subtitle stk-block-subtitle stk-block stk-fad3454\" data-block-id=\"fad3454\"><style>.stk-fad3454 {margin-bottom:4px !important;}.stk-fad3454 .stk-block-subtitle__text{font-size:20px !important;font-weight:700 !important;}@media screen and (max-width:999px){.stk-fad3454 .stk-block-subtitle__text{font-size:20px !important;}}<\/style><p class=\"stk-block-subtitle__text stk-subtitle\">Send us your CV and we will contact you if we have an opening.<\/p><\/div>\n\n\n\n<div id=\"gspb_text-id-gsbp-58a4f24a-07e9\" class=\"gspb_text gspb_text-id-gsbp-58a4f24a-07e9 \">E-mail: <a href=\"mailto:karrier@javipa.hu\">karrier@javipa.hu<\/a><br><br><br><\/div>\n<\/div><\/div><\/div>\n<\/div><\/div>\n<\/div>\n","protected":false},"excerpt":{"rendered":"<p>Careers Our current vacancies<\/p>\n","protected":false},"author":1,"featured_media":0,"parent":0,"menu_order":0,"comment_status":"closed","ping_status":"closed","template":"","meta":{"_seopress_robots_primary_cat":"","_seopress_titles_title":"","_seopress_titles_desc":"Karrierlehet\u0151s\u00e9gek \u00e9s aktu\u00e1lis \u00e1ll\u00e1saj\u00e1nlatok a JAVIPA Nyomdaipari Kft.-n\u00e9l.","_seopress_robots_index":"","_gspb_post_css":".gspb_container-id-gsbp-15c91e58-62a5{flex-direction:column;box-sizing:border-box}#gspb_container-id-gsbp-15c91e58-62a5.gspb_container>p:last-of-type{margin-bottom:0}#gspb_container-id-gsbp-15c91e58-62a5.gspb_container{position:relative}@media (max-width:991.98px){#gspb_container-id-gsbp-15c91e58-62a5.gspb_container{padding-right:15px;padding-left:15px}}#gspb_container-id-gsbp-15c91e58-62a5.gspb_container{background-image:url(https:\/\/www.javipa.hu\/wp-content\/uploads\/2023\/10\/infobox-bg-light.jpg);isolation:isolate;box-sizing:border-box}#gspb_container-id-gsbp-15c91e58-62a5.gspb_container>.gspb_backgroundOverlay{position:absolute;top:0;left:0;width:100%;height:100%;z-index:-1;background-color:#fafdff61}","iawp_total_views":64,"footnotes":""},"hf_cat_page":[],"class_list":["post-2062","page","type-page","status-publish","hentry"],"blocksy_meta":{"page_title_panel":"","has_hero_section":"disabled","25b2b4defa9e5958955601886b88cd66":"","hero_section":"type-1","hero_elements":[{"id":"custom_title","enabled":true,"heading_tag":"h1","title":"Home"},{"id":"custom_description","enabled":true,"description_visibility":{"desktop":true,"tablet":true,"mobile":false}},{"id":"custom_meta","enabled":false,"meta_elements":[{"id":"author","enabled":true,"label":"By","has_author_avatar":"yes","avatar_size":25},{"id":"post_date","enabled":true,"label":"On","date_format_source":"default","date_format":"M j, Y"},{"id":"updated_date","enabled":false,"label":"On","date_format_source":"default","date_format":"M j, Y"},{"id":"categories","enabled":false,"label":"In","style":"simple"},{"id":"comments","enabled":true}],"page_meta_elements":{"joined":true,"articles_count":true,"comments":true}},{"id":"breadcrumbs","enabled":false}],"7fc694c1e77368852a20b6cfa8cb6e51":"","hero_alignment1":"CT_CSS_SKIP_RULE","hero_margin":40,"hero_alignment2":"center","hero_vertical_alignment":"center","14bc9a7319c82c3f8bbebfcfe8fa8745":"","hero_structure":"narrow","22eed9c0e701144b856bb0ac4cb11f8f":"","page_title_bg_type":"featured_image","custom_hero_background":{"attachment_id":null},"page_title_image_size":"full","parallax":{"desktop":false,"tablet":false,"mobile":false},"7b65d9088366ac3d796b84bf1ccb69a8":"","hero_height":"250px","pageTitleFont":{"family":"Default","variation":"Default","size":"30px","line-height":"CT_CSS_SKIP_RULE","letter-spacing":"CT_CSS_SKIP_RULE","text-transform":"CT_CSS_SKIP_RULE","text-decoration":"CT_CSS_SKIP_RULE"},"pageTitleFontColor":{"default":{"color":"CT_CSS_SKIP_RULEDEFAULT"}},"pageMetaFont":{"family":"Default","variation":"n6","size":"12px","line-height":"1.3","letter-spacing":"CT_CSS_SKIP_RULE","text-transform":"uppercase","text-decoration":"CT_CSS_SKIP_RULE"},"pageMetaFontColor":{"default":{"color":"CT_CSS_SKIP_RULEDEFAULT"},"hover":{"color":"CT_CSS_SKIP_RULEDEFAULT"}},"page_meta_button_type_font_colors":{"default":{"color":"CT_CSS_SKIP_RULEDEFAULT"},"hover":{"color":"CT_CSS_SKIP_RULEDEFAULT"}},"page_meta_button_type_background_colors":{"default":{"color":"CT_CSS_SKIP_RULEDEFAULT"},"hover":{"color":"CT_CSS_SKIP_RULEDEFAULT"}},"pageExcerptFont":{"family":"Default","variation":"Default","size":"CT_CSS_SKIP_RULE","line-height":"CT_CSS_SKIP_RULE","letter-spacing":"CT_CSS_SKIP_RULE","text-transform":"CT_CSS_SKIP_RULE","text-decoration":"CT_CSS_SKIP_RULE"},"pageExcerptColor":{"default":{"color":"CT_CSS_SKIP_RULEDEFAULT"}},"breadcrumbsFont":{"family":"Default","variation":"Default","size":"CT_CSS_SKIP_RULE","line-height":"CT_CSS_SKIP_RULE","letter-spacing":"CT_CSS_SKIP_RULE","text-transform":"CT_CSS_SKIP_RULE","text-decoration":"CT_CSS_SKIP_RULE"},"breadcrumbsFontColor":{"default":{"color":"CT_CSS_SKIP_RULEDEFAULT"},"initial":{"color":"CT_CSS_SKIP_RULEDEFAULT"},"hover":{"color":"CT_CSS_SKIP_RULEDEFAULT"}},"pageTitleOverlay":{"background_type":"color","background_pattern":"type-1","background_image":{"attachment_id":null,"x":0,"y":0},"gradient":"linear-gradient(135deg,rgba(6,147,227,1) 0%,rgb(155,81,224) 100%)","background_repeat":"repeat","background_size":"auto","background_attachment":"scroll","patternColor":{"default":{"color":"#e5e7ea"}},"overlayColor":{"default":{"color":"CT_CSS_SKIP_RULE"}},"backgroundColor":{"default":{"color":"CT_CSS_SKIP_RULE"}}},"pageTitleBackground":{"background_type":"color","background_pattern":"type-1","background_image":{"attachment_id":null,"x":0,"y":0},"gradient":"linear-gradient(135deg,rgba(6,147,227,1) 0%,rgb(155,81,224) 100%)","background_repeat":"repeat","background_size":"auto","background_attachment":"scroll","patternColor":{"default":{"color":"#e5e7ea"}},"overlayColor":{"default":{"color":"CT_CSS_SKIP_RULE"}},"backgroundColor":{"default":{"color":"var(--theme-palette-color-6)"}}},"pageTitlePadding":{"top":"50px","bottom":"50px","left":"auto","right":"auto","linked":true},"e91887772d6e3cce3ac54ea12eaad70d":"","page_structure_type":"default","92ac8d6ea476c9002a2bdc3ebe15676b":"","content_style_source":"inherit","content_style":"wide","vertical_spacing_source":"custom","content_area_spacing":"none","background":{"background_type":"color","background_pattern":"type-1","background_image":{"attachment_id":null,"x":0,"y":0},"gradient":"linear-gradient(135deg,rgba(6,147,227,1) 0%,rgb(155,81,224) 100%)","background_repeat":"repeat","background_size":"auto","background_attachment":"scroll","patternColor":{"default":{"color":"#e5e7ea"}},"overlayColor":{"default":{"color":"CT_CSS_SKIP_RULE"}},"backgroundColor":{"default":{"color":"CT_CSS_SKIP_RULE"}}},"content_background":{"background_type":"color","background_pattern":"type-1","background_image":{"attachment_id":null,"x":0,"y":0},"gradient":"linear-gradient(135deg,rgba(6,147,227,1) 0%,rgb(155,81,224) 100%)","background_repeat":"repeat","background_size":"auto","background_attachment":"scroll","patternColor":{"default":{"color":"#e5e7ea"}},"overlayColor":{"default":{"color":"CT_CSS_SKIP_RULE"}},"backgroundColor":{"default":{"color":"var(--theme-palette-color-8)"}}},"content_boxed_shadow":{"inherit":false,"blur":18,"spread":-6,"v_offset":12,"h_offset":0,"inset":false,"enable":true,"color":{"color":"rgba(34, 56, 101, 0.04)"}},"content_boxed_border":{"width":1,"style":"none","color":{"color":"rgba(44,62,80,0.2)"}},"content_boxed_radius":{"top":"3px","bottom":"3px","left":"3px","right":"3px","linked":true},"boxed_content_spacing":{"desktop":{"top":"40px","bottom":"40px","left":"40px","right":"40px","linked":true},"tablet":{"top":"35px","bottom":"35px","left":"35px","right":"35px","linked":true},"mobile":{"top":"20px","bottom":"20px","left":"20px","right":"20px","linked":true}},"ecddc87e3a3c2a763c315647db2963c3":"","disable_featured_image":"no","disable_share_box":"no","disable_header":"no","disable_footer":"no","styles_descriptor":{"styles":{"desktop":"","tablet":"","mobile":""},"google_fonts":[],"version":6}},"_links":{"self":[{"href":"https:\/\/www.javipa.hu\/en\/wp-json\/wp\/v2\/pages\/2062","targetHints":{"allow":["GET"]}}],"collection":[{"href":"https:\/\/www.javipa.hu\/en\/wp-json\/wp\/v2\/pages"}],"about":[{"href":"https:\/\/www.javipa.hu\/en\/wp-json\/wp\/v2\/types\/page"}],"author":[{"embeddable":true,"href":"https:\/\/www.javipa.hu\/en\/wp-json\/wp\/v2\/users\/1"}],"replies":[{"embeddable":true,"href":"https:\/\/www.javipa.hu\/en\/wp-json\/wp\/v2\/comments?post=2062"}],"version-history":[{"count":0,"href":"https:\/\/www.javipa.hu\/en\/wp-json\/wp\/v2\/pages\/2062\/revisions"}],"wp:attachment":[{"href":"https:\/\/www.javipa.hu\/en\/wp-json\/wp\/v2\/media?parent=2062"}],"wp:term":[{"taxonomy":"hf_cat_page","embeddable":true,"href":"https:\/\/www.javipa.hu\/en\/wp-json\/wp\/v2\/hf_cat_page?post=2062"}],"curies":[{"name":"wp","href":"https:\/\/api.w.org\/{rel}","templated":true}]}}